{"id":3,"date":"2025-08-26T01:16:58","date_gmt":"2025-08-26T01:16:58","guid":{"rendered":"https:\/\/sanignacio.com.ar\/?page_id=3"},"modified":"2026-02-23T01:46:16","modified_gmt":"2026-02-23T01:46:16","slug":"privacy-policy","status":"publish","type":"page","link":"https:\/\/sanignacio.com.ar\/en\/privacy-policy\/","title":{"rendered":"Terms and Conditions"},"content":{"rendered":"<style>.elementor-3 .elementor-element.elementor-element-1d770f6f > .elementor-container > .elementor-column > .elementor-widget-wrap{align-content:center;align-items:center;}.elementor-3 .elementor-element.elementor-element-1d770f6f:not(.elementor-motion-effects-element-type-background), .elementor-3 .elementor-element.elementor-element-1d770f6f > .elementor-motion-effects-container > .elementor-motion-effects-layer{background-color:#EFF7FF;}.elementor-3 .elementor-element.elementor-element-1d770f6f > .elementor-container{max-width:900px;}.elementor-3 .elementor-element.elementor-element-1d770f6f{transition:background 0.3s, border 0.3s, border-radius 0.3s, box-shadow 0.3s;padding:100px 0px 100px 0px;}.elementor-3 .elementor-element.elementor-element-1d770f6f > .elementor-background-overlay{transition:background 0.3s, border-radius 0.3s, opacity 0.3s;}.elementor-3 .elementor-element.elementor-element-3f0019d > .elementor-container{max-width:800px;}.elementor-3 .elementor-element.elementor-element-3f0019d{margin-top:0px;margin-bottom:0px;}.elementor-3 .elementor-element.elementor-element-a049c6a .elementor-heading-title{font-family:\"COLUS\", Sans-serif;font-size:41px;font-weight:400;color:var( --e-global-color-1191bc3 );}.elementor-3 .elementor-element.elementor-element-7ce7d236{font-family:var( --e-global-typography-text-font-family ), Sans-serif;font-weight:var( --e-global-typography-text-font-weight );color:#9B9B9B;}.elementor-3 .elementor-element.elementor-element-1156fb7b{margin:0px 0px calc(var(--kit-widget-spacing, 0px) + 0px) 0px;padding:0px 0px 0px 20px;border-style:solid;border-width:0px 0px 0px 3px;border-color:#2065AE;color:#11375F;}.elementor-3 .elementor-element.elementor-element-f9d42da{font-family:var( --e-global-typography-text-font-family ), Sans-serif;font-weight:var( --e-global-typography-text-font-weight );color:#9B9B9B;}.elementor-3 .elementor-element.elementor-element-271c7b62 > .elementor-container{max-width:800px;}.elementor-3 .elementor-element.elementor-element-14022c7f{margin:0px 0px calc(var(--kit-widget-spacing, 0px) + 0px) 0px;font-family:var( --e-global-typography-text-font-family ), Sans-serif;font-weight:var( --e-global-typography-text-font-weight );color:#9B9B9B;}.elementor-3 .elementor-element.elementor-element-72678b2 > .elementor-container{max-width:800px;}.elementor-3 .elementor-element.elementor-element-a8541e4{margin:0px 0px calc(var(--kit-widget-spacing, 0px) + 0px) 0px;font-family:var( --e-global-typography-text-font-family ), Sans-serif;font-weight:var( --e-global-typography-text-font-weight );color:#9B9B9B;}.elementor-3 .elementor-element.elementor-element-cf319c5 > .elementor-container{max-width:800px;}.elementor-3 .elementor-element.elementor-element-87c9a4a{margin:0px 0px calc(var(--kit-widget-spacing, 0px) + 0px) 0px;font-family:var( --e-global-typography-text-font-family ), Sans-serif;font-weight:var( --e-global-typography-text-font-weight );color:#9B9B9B;}.elementor-3 .elementor-element.elementor-element-bb49d90 > .elementor-container{max-width:800px;}.elementor-3 .elementor-element.elementor-element-0e88e21{margin:0px 0px calc(var(--kit-widget-spacing, 0px) + 15px) 0px;font-family:var( --e-global-typography-text-font-family ), Sans-serif;font-weight:var( --e-global-typography-text-font-weight );color:#9B9B9B;}:root{--page-title-display:none;}@media(max-width:1024px){.elementor-3 .elementor-element.elementor-element-1d770f6f{padding:80px 10px 130px 10px;}.elementor-3 .elementor-element.elementor-element-3f0019d{margin-top:0px;margin-bottom:0px;}}@media(max-width:767px){.elementor-3 .elementor-element.elementor-element-1d770f6f{padding:50px 5px 100px 5px;}.elementor-3 .elementor-element.elementor-element-3f0019d{margin-top:0px;margin-bottom:0px;}.elementor-3 .elementor-element.elementor-element-3fbea049 > .elementor-element-populated{padding:0px 0px 0px 0px;}.elementor-3 .elementor-element.elementor-element-1156fb7b{margin:0px 0px calc(var(--kit-widget-spacing, 0px) + 0px) 0px;}.elementor-3 .elementor-element.elementor-element-271c7b62{margin-top:0px;margin-bottom:20px;}.elementor-3 .elementor-element.elementor-element-65f0b9d6 > .elementor-element-populated{padding:0px 0px 0px 0px;}.elementor-3 .elementor-element.elementor-element-72678b2{margin-top:0px;margin-bottom:20px;}.elementor-3 .elementor-element.elementor-element-f94bc4d > .elementor-element-populated{padding:0px 0px 0px 0px;}.elementor-3 .elementor-element.elementor-element-cf319c5{margin-top:0px;margin-bottom:20px;}.elementor-3 .elementor-element.elementor-element-1c141f3 > .elementor-element-populated{padding:0px 0px 0px 0px;}.elementor-3 .elementor-element.elementor-element-bb49d90{margin-top:0px;margin-bottom:20px;}.elementor-3 .elementor-element.elementor-element-bef11b7 > .elementor-element-populated{padding:0px 0px 0px 0px;}}\/* Start Custom Fonts CSS *\/@font-face {\n\tfont-family: 'COLUS';\n\tfont-style: normal;\n\tfont-weight: normal;\n\tfont-display: auto;\n\tsrc: url('https:\/\/sanignacio.com.ar\/wp-content\/uploads\/2025\/08\/Colus-Regular.woff') format('woff');\n}\n\/* End Custom Fonts CSS *\/<\/style>\t\t<div data-elementor-type=\"wp-page\" data-elementor-id=\"3\" class=\"elementor elementor-3\" data-elementor-post-type=\"page\">\n\t\t\t\t\t\t<section class=\"elementor-section elementor-top-section elementor-element elementor-element-1d770f6f elementor-section-content-middle elementor-section-boxed elementor-section-height-default elementor-section-height-default\" data-id=\"1d770f6f\" data-element_type=\"section\" data-settings=\"{&quot;background_background&quot;:&quot;classic&quot;}\">\n\t\t\t\t\t\t<div class=\"elementor-container elementor-column-gap-default\">\n\t\t\t\t\t<div class=\"elementor-column elementor-col-100 elementor-top-column elementor-element elementor-element-98cc8d0\" data-id=\"98cc8d0\" data-element_type=\"column\">\n\t\t\t<div class=\"elementor-widget-wrap elementor-element-populated\">\n\t\t\t\t\t\t<section class=\"elementor-section elementor-inner-section elementor-element elementor-element-3f0019d elementor-section-boxed elementor-section-height-default elementor-section-height-default\" data-id=\"3f0019d\" data-element_type=\"section\">\n\t\t\t\t\t\t<div class=\"elementor-container elementor-column-gap-default\">\n\t\t\t\t\t<div class=\"elementor-column elementor-col-100 elementor-inner-column elementor-element elementor-element-3fbea049\" data-id=\"3fbea049\" data-element_type=\"column\">\n\t\t\t<div class=\"elementor-widget-wrap elementor-element-populated\">\n\t\t\t\t\t\t<div class=\"elementor-element elementor-element-a049c6a elementor-widget elementor-widget-heading\" data-id=\"a049c6a\" data-element_type=\"widget\" data-widget_type=\"heading.default\">\n\t\t\t\t\t<h2 class=\"elementor-heading-title elementor-size-default\">San Ignacio Establishments S.A.\nLegal Terms and Conditions<\/h2>\t\t\t\t<\/div>\n\t\t\t\t<div class=\"elementor-element elementor-element-7ce7d236 elementor-widget elementor-widget-text-editor\" data-id=\"7ce7d236\" data-element_type=\"widget\" data-widget_type=\"text-editor.default\">\n\t\t\t\t\t\t\t\t\t<p class=\"translation-block\">Use and Access<br>These terms and conditions apply to users (hereinafter \u201cUser\u201d or \u201cUsers\u201d) and<br>to the use of and access to the website [\u2022] (hereinafter \u201cWebsite\u201d) owned by ESTABLECIMIENTOS 1<br>SAN IGNACIO S.A. CUIT 30-55945309-5 (hereinafter the \u201cCompany\u201d). If you do not accept the following<br>terms of use, without limitations or modifications, we invite you to leave the Website.<br>A User shall be understood to mean any person who accesses, browses, uses, or participates in<br>the services and activities developed on the Website.<\/p>\t\t\t\t\t\t\t\t<\/div>\n\t\t\t\t<div class=\"elementor-element elementor-element-1156fb7b elementor-widget elementor-widget-text-editor\" data-id=\"1156fb7b\" data-element_type=\"widget\" data-widget_type=\"text-editor.default\">\n\t\t\t\t\t\t\t\t\t<p class=\"translation-block\">User Obligations<br>The User must comply with all laws and regulations relating to any product offered on the Website. The User must also comply with all reasonable instructions given by the Company to the User in relation to the Website.<\/p>\t\t\t\t\t\t\t\t<\/div>\n\t\t\t\t<div class=\"elementor-element elementor-element-f9d42da elementor-widget elementor-widget-text-editor\" data-id=\"f9d42da\" data-element_type=\"widget\" data-widget_type=\"text-editor.default\">\n\t\t\t\t\t\t\t\t\t<p class=\"translation-block\">Intellectual Property<br>All rights and interests in all intellectual property and all concepts, systems, writings, graphics, and other material related to the service owned or created by the Company, including the site, shall remain the exclusive property of the Company permanently. The User agrees not to do anything that violates or infringes this intellectual property and will take all necessary steps to preserve and protect these rights.<\/p>\t\t\t\t\t\t\t\t<\/div>\n\t\t\t\t\t<\/div>\n\t\t<\/div>\n\t\t\t\t\t<\/div>\n\t\t<\/section>\n\t\t\t\t<section class=\"elementor-section elementor-inner-section elementor-element elementor-element-271c7b62 elementor-section-boxed elementor-section-height-default elementor-section-height-default\" data-id=\"271c7b62\" data-element_type=\"section\">\n\t\t\t\t\t\t<div class=\"elementor-container elementor-column-gap-default\">\n\t\t\t\t\t<div class=\"elementor-column elementor-col-100 elementor-inner-column elementor-element elementor-element-65f0b9d6\" data-id=\"65f0b9d6\" data-element_type=\"column\">\n\t\t\t<div class=\"elementor-widget-wrap elementor-element-populated\">\n\t\t\t\t\t\t<div class=\"elementor-element elementor-element-14022c7f elementor-widget elementor-widget-text-editor\" data-id=\"14022c7f\" data-element_type=\"widget\" data-widget_type=\"text-editor.default\">\n\t\t\t\t\t\t\t\t\t<p class=\"translation-block\">Disclaimers<br>Use of this Website is at your own risk. The content of the Website, as well as the products offered through it, are provided on an \"as is\" and \"as available\" basis.<br>Despite our best efforts to include complete and accurate information, information is updated very rapidly. Therefore, we assume no responsibility for errors or omissions in the information or updates on the Website, its content, and the products and services offered, nor for any inconvenience that may arise from the violation of third-party rights.<br>The Company makes no warranties, either express or implied, that access to the site will be uninterrupted or error-free. The Company makes its best efforts to ensure the site is secure; and that the information on the site is complete, accurate, up-to-date, and timely. The Company is not associated with or affiliated with sponsors or producers of websites that are linked to or from the Website, and the Company does not endorse, represent, or warrant the content of such sites.<\/p>\t\t\t\t\t\t\t\t<\/div>\n\t\t\t\t\t<\/div>\n\t\t<\/div>\n\t\t\t\t\t<\/div>\n\t\t<\/section>\n\t\t\t\t<section class=\"elementor-section elementor-inner-section elementor-element elementor-element-72678b2 elementor-section-boxed elementor-section-height-default elementor-section-height-default\" data-id=\"72678b2\" data-element_type=\"section\">\n\t\t\t\t\t\t<div class=\"elementor-container elementor-column-gap-default\">\n\t\t\t\t\t<div class=\"elementor-column elementor-col-100 elementor-inner-column elementor-element elementor-element-f94bc4d\" data-id=\"f94bc4d\" data-element_type=\"column\">\n\t\t\t<div class=\"elementor-widget-wrap elementor-element-populated\">\n\t\t\t\t\t\t<div class=\"elementor-element elementor-element-a8541e4 elementor-widget elementor-widget-text-editor\" data-id=\"a8541e4\" data-element_type=\"widget\" data-widget_type=\"text-editor.default\">\n\t\t\t\t\t\t\t\t\t<p class=\"translation-block\">Limitation of Liability<br>No advice or information, whether oral or written, obtained by the User from the Company or through or from the site, shall create any warranty.<br>Under no circumstances shall the Company be liable for any damages that may be caused to third parties by the use of the site or its content.<br>The Company shall also not be liable for any failures, errors, omissions, interruptions, loss of revenue, loss of information, delays in operations or online transmission, viruses, system errors, or any other type of loss that results from the use of the site. This limitation applies even if damages are claimed based on contractual liability for negligence, and even if we or our representatives have been negligent despite having been advised of the possibility of such damages.<\/p>\t\t\t\t\t\t\t\t<\/div>\n\t\t\t\t\t<\/div>\n\t\t<\/div>\n\t\t\t\t\t<\/div>\n\t\t<\/section>\n\t\t\t\t<section class=\"elementor-section elementor-inner-section elementor-element elementor-element-cf319c5 elementor-section-boxed elementor-section-height-default elementor-section-height-default\" data-id=\"cf319c5\" data-element_type=\"section\">\n\t\t\t\t\t\t<div class=\"elementor-container elementor-column-gap-default\">\n\t\t\t\t\t<div class=\"elementor-column elementor-col-100 elementor-inner-column elementor-element elementor-element-1c141f3\" data-id=\"1c141f3\" data-element_type=\"column\">\n\t\t\t<div class=\"elementor-widget-wrap elementor-element-populated\">\n\t\t\t\t\t\t<div class=\"elementor-element elementor-element-87c9a4a elementor-widget elementor-widget-text-editor\" data-id=\"87c9a4a\" data-element_type=\"widget\" data-widget_type=\"text-editor.default\">\n\t\t\t\t\t\t\t\t\t<p class=\"translation-block\">Personal Data<br>We will not disclose or use the information you provide when contacting the site for marketing purposes. The owner of the personal data has the right to access it free of charge at intervals of no less than six months, unless a legitimate interest is demonstrated for this purpose in accordance with the provisions of Article 14, paragraph 3 of Law No. 25,326. The Public Information Access Agency, the Control Body of Law No. 25,326, is empowered to handle complaints and claims filed in relation to non-compliance with the regulations on the protection of personal data. In order to request the deletion and\/or modification of your personal data, please send us an email to the following address: [\u2022]2<\/p>\t\t\t\t\t\t\t\t<\/div>\n\t\t\t\t\t<\/div>\n\t\t<\/div>\n\t\t\t\t\t<\/div>\n\t\t<\/section>\n\t\t\t\t<section class=\"elementor-section elementor-inner-section elementor-element elementor-element-bb49d90 elementor-section-boxed elementor-section-height-default elementor-section-height-default\" data-id=\"bb49d90\" data-element_type=\"section\">\n\t\t\t\t\t\t<div class=\"elementor-container elementor-column-gap-default\">\n\t\t\t\t\t<div class=\"elementor-column elementor-col-100 elementor-inner-column elementor-element elementor-element-bef11b7\" data-id=\"bef11b7\" data-element_type=\"column\">\n\t\t\t<div class=\"elementor-widget-wrap elementor-element-populated\">\n\t\t\t\t\t\t<div class=\"elementor-element elementor-element-0e88e21 elementor-widget elementor-widget-text-editor\" data-id=\"0e88e21\" data-element_type=\"widget\" data-widget_type=\"text-editor.default\">\n\t\t\t\t\t\t\t\t\t<p class=\"translation-block\">Product Availability<br>Not all products or services offered on the Website may be available for quotation or sale in all countries, regions, or geographic areas.<br>Changes<br>The Company may discontinue, improve, or change the products or services offered on this site at any time without prior notice. The package design, taste, or presentation of the products may differ from the photo shown, be modified, or be discontinued without prior notice.<\/p>\t\t\t\t\t\t\t\t<\/div>\n\t\t\t\t\t<\/div>\n\t\t<\/div>\n\t\t\t\t\t<\/div>\n\t\t<\/section>\n\t\t\t\t\t<\/div>\n\t\t<\/div>\n\t\t\t\t\t<\/div>\n\t\t<\/section>\n\t\t\t\t<\/div>","protected":false},"excerpt":{"rendered":"<p>Establecimientos San Ignacio S.A. T\u00e9rminos y Condiciones Legales Uso y accesoEstos t\u00e9rminos y condiciones se aplicar\u00e1n a los usuarios (en adelante \u201cUsuario\u201d o \u201cUsuarios\u201d) yal uso y acceso y al sitio web [\u2022] (en adelante \u201cSitio Web\u201d) propiedad de ESTABLECIMIENTOS 1SAN IGNACIO S.A. CUIT 30-55945309-5 (en adelante la \u201cCompa\u00f1\u00eda\u201d). Si no acepta las siguientescondiciones de [&hellip;]<\/p>","protected":false},"author":3,"featured_media":0,"parent":0,"menu_order":0,"comment_status":"closed","ping_status":"open","template":"","meta":{"footnotes":""},"class_list":["post-3","page","type-page","status-publish","hentry"],"_hostinger_reach_plugin_has_subscription_block":false,"_hostinger_reach_plugin_is_elementor":false,"_links":{"self":[{"href":"https:\/\/sanignacio.com.ar\/en\/wp-json\/wp\/v2\/pages\/3","targetHints":{"allow":["GET"]}}],"collection":[{"href":"https:\/\/sanignacio.com.ar\/en\/wp-json\/wp\/v2\/pages"}],"about":[{"href":"https:\/\/sanignacio.com.ar\/en\/wp-json\/wp\/v2\/types\/page"}],"author":[{"embeddable":true,"href":"https:\/\/sanignacio.com.ar\/en\/wp-json\/wp\/v2\/users\/3"}],"replies":[{"embeddable":true,"href":"https:\/\/sanignacio.com.ar\/en\/wp-json\/wp\/v2\/comments?post=3"}],"version-history":[{"count":16,"href":"https:\/\/sanignacio.com.ar\/en\/wp-json\/wp\/v2\/pages\/3\/revisions"}],"predecessor-version":[{"id":2111,"href":"https:\/\/sanignacio.com.ar\/en\/wp-json\/wp\/v2\/pages\/3\/revisions\/2111"}],"wp:attachment":[{"href":"https:\/\/sanignacio.com.ar\/en\/wp-json\/wp\/v2\/media?parent=3"}],"curies":[{"name":"wp","href":"https:\/\/api.w.org\/{rel}","templated":true}]}}